{"id":206,"date":"2023-07-07T09:30:20","date_gmt":"2023-07-07T07:30:20","guid":{"rendered":"https:\/\/collegemrenaudserris.fr\/?page_id=206"},"modified":"2025-08-31T09:43:21","modified_gmt":"2025-08-31T07:43:21","slug":"organigramme","status":"publish","type":"page","link":"https:\/\/collegemrenaudserris.fr\/index.php\/vie-de-letablissement\/organigramme\/","title":{"rendered":"ORGANIGRAMME"},"content":{"rendered":"\n<!--nextpage-->\n\n\n\n<blockquote class=\"wp-block-quote is-layout-flow wp-block-quote-is-layout-flow\">\n<p>Mme La Principale : Mme CYPRIA-CELMA<\/p>\n\n\n\n<p><\/p>\n\n\n\n<p>Mme La Principale Adjointe : Mme BUCHERT<\/p>\n\n\n\n<p><\/p>\n\n\n\n<p>Mme La Secr\u00e9taire G\u00e9n\u00e9rale : Mme HORVILLE<\/p>\n\n\n\n<p><\/p>\n\n\n\n<p>Mme La Secr\u00e9taire&nbsp;de Direction : Mme SZIJJ<\/p>\n\n\n\n<p><\/p>\n\n\n\n<p>Mme La Secr\u00e9taire&nbsp;d\u2019Intendance : Mme AGRANE<\/p>\n\n\n\n<p><\/p>\n\n\n\n<p>Le Conseiller Principal d\u2019\u00c9ducation : M. DRAME<\/p>\n<\/blockquote>\n\n\n\n<p><\/p>\n","protected":false},"excerpt":{"rendered":"<p>Mme La Principale : Mme CYPRIA-CELMA Mme La Principale Adjointe : Mme BUCHERT Mme La Secr\u00e9taire G\u00e9n\u00e9rale : Mme HORVILLE &hellip; <\/p>\n","protected":false},"author":1,"featured_media":0,"parent":172,"menu_order":0,"comment_status":"closed","ping_status":"closed","template":"","meta":{"footnotes":""},"class_list":["post-206","page","type-page","status-publish","hentry"],"_links":{"self":[{"href":"https:\/\/collegemrenaudserris.fr\/index.php\/wp-json\/wp\/v2\/pages\/206","targetHints":{"allow":["GET"]}}],"collection":[{"href":"https:\/\/collegemrenaudserris.fr\/index.php\/wp-json\/wp\/v2\/pages"}],"about":[{"href":"https:\/\/collegemrenaudserris.fr\/index.php\/wp-json\/wp\/v2\/types\/page"}],"author":[{"embeddable":true,"href":"https:\/\/collegemrenaudserris.fr\/index.php\/wp-json\/wp\/v2\/users\/1"}],"replies":[{"embeddable":true,"href":"https:\/\/collegemrenaudserris.fr\/index.php\/wp-json\/wp\/v2\/comments?post=206"}],"version-history":[{"count":9,"href":"https:\/\/collegemrenaudserris.fr\/index.php\/wp-json\/wp\/v2\/pages\/206\/revisions"}],"predecessor-version":[{"id":890,"href":"https:\/\/collegemrenaudserris.fr\/index.php\/wp-json\/wp\/v2\/pages\/206\/revisions\/890"}],"up":[{"embeddable":true,"href":"https:\/\/collegemrenaudserris.fr\/index.php\/wp-json\/wp\/v2\/pages\/172"}],"wp:attachment":[{"href":"https:\/\/collegemrenaudserris.fr\/index.php\/wp-json\/wp\/v2\/media?parent=206"}],"curies":[{"name":"wp","href":"https:\/\/api.w.org\/{rel}","templated":true}]}}