{"id":344,"date":"2023-09-10T16:56:13","date_gmt":"2023-09-10T14:56:13","guid":{"rendered":"https:\/\/collegemrenaudserris.fr\/?page_id=344"},"modified":"2024-09-16T16:46:20","modified_gmt":"2024-09-16T14:46:20","slug":"demande-de-bourse","status":"publish","type":"page","link":"https:\/\/collegemrenaudserris.fr\/index.php\/service-intendance\/demande-de-bourse\/","title":{"rendered":"DEMANDE DE BOURSE"},"content":{"rendered":"\n<p class=\"has-text-align-center has-cyan-bluish-gray-background-color has-background has-medium-font-size\"><strong>Proc\u00e9dure pour effectuer une demande en ligne<\/strong><\/p>\n\n\n\n<blockquote class=\"wp-block-quote is-layout-flow wp-block-quote-is-layout-flow\">\n<p>Madame, Monsieur,<\/p>\n\n\n\n<p>\u200b<\/p>\n\n\n\n<p>Veuillez trouver les documents relatifs \u00e0 la campagne de bourses nationales d\u00e9mat\u00e9rialis\u00e9es.<\/p>\n\n\n\n<p>\u200b<\/p>\n\n\n\n<p><strong>La campagne 2024-2025 se d\u00e9roule jusqu&rsquo;au 17 octobre 2024. Vous trouverez ci-dessous le flyer et le mode d&#8217;emploi pour effectuer la demande.<\/strong><\/p>\n\n\n\n<p>\u200b<\/p>\n\n\n\n<p>Si vous pouvez b\u00e9n\u00e9ficier de cette aide, merci de bien vouloir\u00a0<strong>transmettre un RIB<\/strong>\u00a0d&rsquo;un compte courant au nom du responsable financier et d&rsquo;indiquer au dos du RIB les nom, pr\u00e9nom et classe de l&rsquo;\u00e9l\u00e8ve.<\/p>\n\n\n\n<p>\u200b<\/p>\n\n\n\n<p>En ce d\u00e9but d&rsquo;ann\u00e9e, <strong>nous envoyons les documents sur les comptes ENT parents et \u00e9l\u00e8ves<\/strong> pour s&rsquo;assurer de la bonne r\u00e9ception mais nous vous invitons \u00e0 vite activer vos comptes ENT parents pour ceux qui ne l&rsquo;auraient pas encore fait car les prochaines communications financi\u00e8res ne passeront\u00a0<strong>QUE<\/strong>\u00a0par les comptes ENT parents.<\/p>\n\n\n\n<p>\u200b<\/p>\n\n\n\n<p>\u200bVous en souhaitant bonne r\u00e9ception,<\/p>\n\n\n\n<p>\u200b\u200bLe service Intendance<\/p>\n\n\n\n<p>\u200b<\/p>\n\n\n\n<p>\u200bBien cordialement,<\/p>\n<\/blockquote>\n\n\n\n<div data-wp-interactive=\"core\/file\" class=\"wp-block-file\"><object data-wp-bind--hidden=\"!state.hasPdfPreview\" hidden class=\"wp-block-file__embed\" data=\"https:\/\/collegemrenaudserris.fr\/wp-content\/uploads\/2024\/09\/2024_bourse-nationale_flyer.pdf\" type=\"application\/pdf\" style=\"width:100%;height:600px\" aria-label=\"Contenu embarqu\u00e9 2024_bourse-nationale_flyer.\"><\/object><a id=\"wp-block-file--media-48b696e9-4858-4a86-841a-bf1de46de422\" href=\"https:\/\/collegemrenaudserris.fr\/wp-content\/uploads\/2024\/09\/2024_bourse-nationale_flyer.pdf\">2024_bourse-nationale_flyer<\/a><a href=\"https:\/\/collegemrenaudserris.fr\/wp-content\/uploads\/2024\/09\/2024_bourse-nationale_flyer.pdf\" class=\"wp-block-file__button wp-element-button\" download aria-describedby=\"wp-block-file--media-48b696e9-4858-4a86-841a-bf1de46de422\">T\u00e9l\u00e9charger<\/a><\/div>\n\n\n\n<div data-wp-interactive=\"core\/file\" class=\"wp-block-file\"><object data-wp-bind--hidden=\"!state.hasPdfPreview\" hidden class=\"wp-block-file__embed\" data=\"https:\/\/collegemrenaudserris.fr\/wp-content\/uploads\/2024\/09\/DIAMAN_Le_guide_complementaire_pour_laccompagnement_des_parents_lors_de_leur_demande_de_bourse_en_ligne.pdf\" type=\"application\/pdf\" style=\"width:100%;height:600px\" aria-label=\"Contenu embarqu\u00e9 DIAMAN_Le_guide_complementaire_pour_laccompagnement_des_parents_lors_de_leur_demande_de_bourse_en_ligne.\"><\/object><a id=\"wp-block-file--media-b7cd16d0-5b1c-4288-b9e4-82dec5cd4be3\" href=\"https:\/\/collegemrenaudserris.fr\/wp-content\/uploads\/2024\/09\/DIAMAN_Le_guide_complementaire_pour_laccompagnement_des_parents_lors_de_leur_demande_de_bourse_en_ligne.pdf\">DIAMAN_Le_guide_complementaire_pour_laccompagnement_des_parents_lors_de_leur_demande_de_bourse_en_ligne<\/a><a href=\"https:\/\/collegemrenaudserris.fr\/wp-content\/uploads\/2024\/09\/DIAMAN_Le_guide_complementaire_pour_laccompagnement_des_parents_lors_de_leur_demande_de_bourse_en_ligne.pdf\" class=\"wp-block-file__button wp-element-button\" download aria-describedby=\"wp-block-file--media-b7cd16d0-5b1c-4288-b9e4-82dec5cd4be3\">T\u00e9l\u00e9charger<\/a><\/div>\n","protected":false},"excerpt":{"rendered":"<p>Proc\u00e9dure pour effectuer une demande en ligne Madame, Monsieur, \u200b Veuillez trouver les documents relatifs \u00e0 la campagne de bourses &hellip; <\/p>\n","protected":false},"author":1,"featured_media":0,"parent":305,"menu_order":0,"comment_status":"closed","ping_status":"closed","template":"","meta":{"footnotes":""},"class_list":["post-344","page","type-page","status-publish","hentry"],"_links":{"self":[{"href":"https:\/\/collegemrenaudserris.fr\/index.php\/wp-json\/wp\/v2\/pages\/344","targetHints":{"allow":["GET"]}}],"collection":[{"href":"https:\/\/collegemrenaudserris.fr\/index.php\/wp-json\/wp\/v2\/pages"}],"about":[{"href":"https:\/\/collegemrenaudserris.fr\/index.php\/wp-json\/wp\/v2\/types\/page"}],"author":[{"embeddable":true,"href":"https:\/\/collegemrenaudserris.fr\/index.php\/wp-json\/wp\/v2\/users\/1"}],"replies":[{"embeddable":true,"href":"https:\/\/collegemrenaudserris.fr\/index.php\/wp-json\/wp\/v2\/comments?post=344"}],"version-history":[{"count":4,"href":"https:\/\/collegemrenaudserris.fr\/index.php\/wp-json\/wp\/v2\/pages\/344\/revisions"}],"predecessor-version":[{"id":694,"href":"https:\/\/collegemrenaudserris.fr\/index.php\/wp-json\/wp\/v2\/pages\/344\/revisions\/694"}],"up":[{"embeddable":true,"href":"https:\/\/collegemrenaudserris.fr\/index.php\/wp-json\/wp\/v2\/pages\/305"}],"wp:attachment":[{"href":"https:\/\/collegemrenaudserris.fr\/index.php\/wp-json\/wp\/v2\/media?parent=344"}],"curies":[{"name":"wp","href":"https:\/\/api.w.org\/{rel}","templated":true}]}}